{"id":2320,"date":"2021-07-18T12:22:09","date_gmt":"2021-07-18T10:22:09","guid":{"rendered":"https:\/\/www.realestateinportocervo.com\/servizi"},"modified":"2024-12-30T00:24:05","modified_gmt":"2024-12-29T23:24:05","slug":"servizi","status":"publish","type":"page","link":"https:\/\/www.realestateinportocervo.com\/it\/servizi","title":{"rendered":"Servizi"},"content":{"rendered":"\n<div class=\"wp-block-columns is-layout-flex wp-container-core-columns-is-layout-1 wp-block-columns-is-layout-flex\">\n<div class=\"wp-block-column is-layout-flow wp-block-column-is-layout-flow\">\n<figure class=\"wp-block-image size-full\"><img loading=\"lazy\" decoding=\"async\" width=\"1000\" height=\"1280\" src=\"https:\/\/www.realestateinportocervo.com\/wp-content\/uploads\/services-01-bis.jpg\" alt=\"\" class=\"wp-image-5318\" style=\"aspect-ratio:9\/16;object-fit:cover\" srcset=\"https:\/\/www.realestateinportocervo.com\/wp-content\/uploads\/services-01-bis.jpg 1000w, https:\/\/www.realestateinportocervo.com\/wp-content\/uploads\/services-01-bis-469x600.jpg 469w, https:\/\/www.realestateinportocervo.com\/wp-content\/uploads\/services-01-bis-844x1080.jpg 844w, https:\/\/www.realestateinportocervo.com\/wp-content\/uploads\/services-01-bis-768x983.jpg 768w\" sizes=\"auto, (max-width: 1000px) 100vw, 1000px\" \/><div class=\"cover\"><\/div><\/figure>\n<\/div>\n\n\n\n<div class=\"wp-block-column is-layout-flow wp-block-column-is-layout-flow\">\n<h2 class=\"wp-block-heading\"><div class=\"text-hidden\"><span>SERVIZI DI LUSSO<\/span><\/div><div class=\"text-hidden\"><span>&amp; OSPITALITA&#8217;<\/span><\/div><\/h2>\n\n\n\n<h3 class=\"wp-block-heading subtitle\">NON PLUS ULTRA<\/h3>\n\n\n\n<p><strong>Real Estate in Porto Cervo<\/strong> offre i seguenti servizi:<\/p>\n\n\n\n<p><strong>CONSULENZA IMMOBILIARE PROFESSIONALE E SUPPORTO BUROCRATICO<\/strong><\/p>\n\n\n\n<p>Ti assistiamo in ogni fase contrattuale e burocratica relativa alla vendita o alla locazione di un immobile. Gli immobili sono accuratamente selezionati per rispondere alle esigenze del mercato e garantire un elevato ritorno sugli investimenti. Real Estate in Porto Cervo soddisfa i pi\u00f9 elevati standard qualitativi e, da anni, offre un\u2019ampia gamma di servizi dedicati alle realt\u00e0 immobiliari di lusso strategicamente selezionate in base alle esigenze specifiche di ogni cliente.<\/p>\n\n\n\n<p><strong>ESPERIENZA E COMPETENZA<\/strong><\/p>\n\n\n\n<p>Grazie alla pluriennale esperienza nel campo dell\u2019ospitalit\u00e0 di lusso, siamo in grado di offrire soluzioni che rispecchiano al meglio le aspettative dei nostri ospiti.<\/p>\n\n\n\n<p><strong>DAL BENVENUTO ALL&#8217;ATTENZIONE QUOTIDIANA<\/strong><\/p>\n\n\n\n<p>Professionalit\u00e0 e competenza per supportare totalmente i nostri clienti prendoci cura delle loro esigenze e necessit\u00e0. Nulla \u00e8 mai lasciato al caso: dalla prenotazione garantita nei migliori ristoranti della Costa Smeralda, alla cura ed intrattenimento dei bambini, dal noleggio di supercar alla prenotazione di uno yacht di lusso. Personal shopper, chef a domicilio, autista e servizi SPA completano il nostro servizio accoglienza per rendere il soggiorno un\u2019esperienza unica costruita su misura.<\/p>\n\n\n\n<figure class=\"wp-block-image size-full overlapped\"><img loading=\"lazy\" decoding=\"async\" width=\"1540\" height=\"900\" src=\"https:\/\/www.realestateinportocervo.com\/wp-content\/uploads\/services-02-tris.jpg\" alt=\"\" class=\"wp-image-5322\" srcset=\"https:\/\/www.realestateinportocervo.com\/wp-content\/uploads\/services-02-tris.jpg 1540w, https:\/\/www.realestateinportocervo.com\/wp-content\/uploads\/services-02-tris-600x351.jpg 600w, https:\/\/www.realestateinportocervo.com\/wp-content\/uploads\/services-02-tris-768x449.jpg 768w, https:\/\/www.realestateinportocervo.com\/wp-content\/uploads\/services-02-tris-1536x898.jpg 1536w\" sizes=\"auto, (max-width: 1540px) 100vw, 1540px\" \/><div class=\"cover\"><\/div><\/figure>\n<\/div>\n<\/div>\n\n\n\n\t<div class=\"accordions-container\">\n\n\t\t\n\t\t\t<img decoding=\"async\" src=\"https:\/\/www.realestateinportocervo.com\/wp-content\/uploads\/home-01-bis.jpg\" alt=\"\" class=\"main-image default-accordion-image\" \/>\n\n\t\t\n\t\t\n\t\t\t<img decoding=\"async\" src=\"https:\/\/www.realestateinportocervo.com\/wp-content\/uploads\/services-real-estate.jpg\" alt=\"Compravendita Immobiliare\" class=\"main-image accordion-image\" \/>\n\n\t\t\t<button class=\"accordion\">\n\n\t\t\t\t<div class=\"container\">\n\n\t\t\t\t\t<h2 class=\"accordion-title\">Compravendita Immobiliare<\/h2>\n\n\t\t\t\t<\/div>\n\n\t\t\t<\/button>\n\n\t\t\t<div class=\"panel\">\n\n\t\t\t\t<div class=\"container\">\n\n\t\t\t\t\t<div class=\"panel-content\"><h3>GLI IMMOBILI PIU\u2019 DESIDERATI<br \/>\n<em>Sia in affitto che in vendita, Real Estate in Porto Cervo vanta un portfolio di propriet\u00e0 situate in posizioni privilegiate.<br \/>\n<\/em><\/h3>\n<p>Appartate e protette dagli sguardi, con viste mozzafiato sul mare incontaminato e sulla florida macchia mediterranea. Perfettamente miscelate e ispirate all\u2019ambiente naturale circostante, in cui il design a cui gli architetti si ispirano trasmette una perfetta sintesi tra tradizione e massimo comfort.<\/p>\n<h3>CONSULENZA IMMOBILIARE<br \/>\n<em>La profonda conoscenza del mercato e della tipologia degli immobili esistenti rendono mirata la consulenza ed il supporto a potenziali acquirenti e affittuari.<\/em><\/h3>\n<p>Gli immobili sono accuratamente selezionati per rispondere alle esigenze del mercato<br \/>\ne garantire un elevato ritorno sugli investimenti.\u00a0<strong>Real Estate in Porto Cervo <\/strong>garantisce i pi\u00f9 alti standard di servizio e vanta un successo comprovato dimostrando un\u2019ampia esperienza nel settore grazie ad un approccio strategico per ogni cliente.<\/p>\n<\/div>\n\n\t\t\t\t<\/div>\n\n\t\t\t<\/div>\n\n\t\t\t\n\t\t\t<img decoding=\"async\" src=\"https:\/\/www.realestateinportocervo.com\/wp-content\/uploads\/services-conciergie-tris.jpg\" alt=\"Concierge Services\" class=\"main-image accordion-image\" \/>\n\n\t\t\t<button class=\"accordion\">\n\n\t\t\t\t<div class=\"container\">\n\n\t\t\t\t\t<h2 class=\"accordion-title\">Concierge Services<\/h2>\n\n\t\t\t\t<\/div>\n\n\t\t\t<\/button>\n\n\t\t\t<div class=\"panel\">\n\n\t\t\t\t<div class=\"container\">\n\n\t\t\t\t\t<div class=\"panel-content\"><h3>ACCURATEZZA E DISCREZIONE<br \/>\n<em>Abbiamo cura di ogni tua esigenza.<\/em><\/h3>\n<p>La nostra conoscenza e competenza nel supportare i nostri clienti ci permette di fornire loro un servizio di accoglienza che abbia attenzione per ogni loro esigenza e richiesta. Che si tratti di prenotare un ristorante, occuparsi del tempo e dell\u2019intrattenimento dei bambini, noleggiare un\u2019auto o prenotare uno yacht a noleggio, possiamo prenderci cura di tutto.<\/p>\n<h3>PROFESSIONALITA\u2019 E ATTENZIONE<br \/>\n<em>Ci affidiamo solo a partner seri e personale qualificato per garantire esperienze impeccabili.<\/em><\/h3>\n<p>Per esperienze su misura o competenze particolarmente di nicchia,\u00a0<strong>Real Estate in Porto Cervo<\/strong>\u00a0pu\u00f2 fornire assistenza completa in diversi settori, grazie alla collaborazione con partner e fornitori altamente professionali.<\/p>\n<\/div>\n\n\t\t\t\t<\/div>\n\n\t\t\t<\/div>\n\n\t\t\t\n\t\t\t<img decoding=\"async\" src=\"https:\/\/www.realestateinportocervo.com\/wp-content\/uploads\/services-event-bis.jpg\" alt=\"Organizzazione Eventi\" class=\"main-image accordion-image\" \/>\n\n\t\t\t<button class=\"accordion\">\n\n\t\t\t\t<div class=\"container\">\n\n\t\t\t\t\t<h2 class=\"accordion-title\">Organizzazione Eventi<\/h2>\n\n\t\t\t\t<\/div>\n\n\t\t\t<\/button>\n\n\t\t\t<div class=\"panel\">\n\n\t\t\t\t<div class=\"container\">\n\n\t\t\t\t\t<div class=\"panel-content\"><h3>RITIRO PRIVATO<br \/>\n<em>Riguardo gli accessori,<br \/>\n\u00e8 sempre meglio essere il pi\u00f9 minimalisti possibile.<\/em><\/h3>\n<p>Dove mare e rocce si incontrano, dove il vento soffia incessantemente, la natura \u00e8 tutt&#8217;altro che travolgente. Per questo la Sardegna \u00e8 diventata negli anni un luogo da vivere e in cui vivere, per costruire ricordi che dureranno per sempre, senza essere scalfiti dal tempo.<br \/>\nUn&#8217;isola che svela i suoi luoghi segreti, che accoglie idee e vuole farsi riconoscere come un rifugio privato.<\/p>\n<h3>EVENTI EXTRA-ORDINARI<br \/>\n<em>La semplicit\u00e0 \u00e8 la massima raffinatezza.<\/em><\/h3>\n<p>Dalle feste di compleanno private, alle cene aziendali e ai gal\u00e0, dalle riunioni tradizionali a quelle stravaganti, siamo in grado di occuparci di tutto, grazie a soluzioni su misura per rendere l\u2019evento completamente secondo i desideri del cliente.<br \/>\nNiente \u00e8 lasciato al caso.<\/p>\n<\/div>\n\n\t\t\t\t<\/div>\n\n\t\t\t<\/div>\n\n\t\t\t\n\t\t\t<img decoding=\"async\" src=\"https:\/\/www.realestateinportocervo.com\/wp-content\/uploads\/services-cool-hunting-bis.jpg\" alt=\"Cool Hunting\" class=\"main-image accordion-image\" \/>\n\n\t\t\t<button class=\"accordion\">\n\n\t\t\t\t<div class=\"container\">\n\n\t\t\t\t\t<h2 class=\"accordion-title\">Cool Hunting<\/h2>\n\n\t\t\t\t<\/div>\n\n\t\t\t<\/button>\n\n\t\t\t<div class=\"panel\">\n\n\t\t\t\t<div class=\"container\">\n\n\t\t\t\t\t<div class=\"panel-content\"><h3>IL MIRACOLO DEL VINO<br \/>\n<em>Il vino come vero ambasciatore del territorio.<\/em><\/h3>\n<p>Questa \u00e8 la filosofia ispiratrice per un viaggio alla scoperta delle cantine e delle eccellenze sarde. La terra, il vento che soffia sempre e il mare, affascinanti elementi di cui non possiamo che stupirci e che ci mostrano il miracolo che la natura pu\u00f2 fare alle sue uve accarezzate dal sole. Una terra, la sua vinificazione e, infine, la degustazione. Rossi, bianchi o frizzanti, alcuni sono forti, altri fruttati e minerali eppure tutti freschi e dal sapore intenso. E tutti con sfumature fragranti che rendono i vini sardi versatili e adatti a molteplici abbinamenti enogastronomici.<\/p>\n<h3>\u2026E QUELLO DEL CIBO<br \/>\n<em>Il cibo racconta la storia di un territorio e pochissimi luoghi possono vantare un cibo autentico come quello sardo.<\/em><\/h3>\n<p>La qualit\u00e0 dei prodotti e il sapore dei cibi sono valori che vanno oltre la loro bont\u00e0 e sono patrimonio di millenni di storia. Sia sulla costa che nell&#8217;entroterra, le deliziose specialit\u00e0 della Sardegna, a base di ingredienti semplici e genuini, dai sapori intensi ma delicati, non mancano mai di stupirvi.<\/p>\n<\/div>\n\n\t\t\t\t<\/div>\n\n\t\t\t<\/div>\n\n\t\t\t\n\t<\/div>\n\n\t\n\n\n\n\t\t<div class=\"contact-form-section\" id=\"contact-form\">\n\t      <div class=\"background-image\">\n\t\t\t\t\n\t\t\t\t\t<div class=\"parallax-image\" style=\"background-image: url(https:\/\/www.realestateinportocervo.com\/wp-content\/uploads\/bkg-home-roberta-sergio.jpg);\"><\/div>\n\n\t\t\t\t\t      <\/div>\n\n\t\t\t<div class=\"contact-form\">\n\t\t\t\t\n<div class=\"wpcf7 no-js\" id=\"wpcf7-f2452-o1\" lang=\"it-IT\" dir=\"ltr\" data-wpcf7-id=\"2452\">\n<div class=\"screen-reader-response\"><p role=\"status\" aria-live=\"polite\" aria-atomic=\"true\"><\/p> <ul><\/ul><\/div>\n<form action=\"\/it\/wp-json\/wp\/v2\/pages\/2320#wpcf7-f2452-o1\" method=\"post\" class=\"wpcf7-form init\" aria-label=\"Modulo di contatto\" novalidate=\"novalidate\" data-status=\"init\">\n<div style=\"display: none;\">\n<input type=\"hidden\" name=\"_wpcf7\" value=\"2452\" \/>\n<input type=\"hidden\" name=\"_wpcf7_version\" value=\"6.0.3\" \/>\n<input type=\"hidden\" name=\"_wpcf7_locale\" value=\"it_IT\" \/>\n<input type=\"hidden\" name=\"_wpcf7_unit_tag\" value=\"wpcf7-f2452-o1\" \/>\n<input type=\"hidden\" name=\"_wpcf7_container_post\" value=\"0\" \/>\n<input type=\"hidden\" name=\"_wpcf7_posted_data_hash\" value=\"\" \/>\n<input type=\"hidden\" name=\"_wpcf7_recaptcha_response\" value=\"\" \/>\n<\/div>\n<h3 class=\"title\">CONTATTACI<\/h3>\n<p>PER MAGGIORI INFORMAZIONI<\/p>\n<p>+39 0789 96431 \/ +39 392 4000631<\/p>\n\n<div class=\"row\">\n   <div class=\"col-lg-6 col-12\">\n      <span class=\"wpcf7-form-control-wrap\" data-name=\"first-name\"><input size=\"40\" maxlength=\"400\" class=\"wpcf7-form-control wpcf7-text wpcf7-validates-as-required\" aria-required=\"true\" aria-invalid=\"false\" placeholder=\"Nome\" value=\"\" type=\"text\" name=\"first-name\" \/><\/span>\n   <\/div>\n   <div class=\"col-lg-6 col-12\">\n      <span class=\"wpcf7-form-control-wrap\" data-name=\"last-name\"><input size=\"40\" maxlength=\"400\" class=\"wpcf7-form-control wpcf7-text\" aria-invalid=\"false\" placeholder=\"Cognome\" value=\"\" type=\"text\" name=\"last-name\" \/><\/span>\n   <\/div>\n<\/div>\n<div class=\"row\">\n   <div class=\"col-lg-6 col-12\">\n      <span class=\"wpcf7-form-control-wrap\" data-name=\"email\"><input size=\"40\" maxlength=\"400\" class=\"wpcf7-form-control wpcf7-email wpcf7-validates-as-required wpcf7-text wpcf7-validates-as-email\" aria-required=\"true\" aria-invalid=\"false\" placeholder=\"Email\" value=\"\" type=\"email\" name=\"email\" \/><\/span>\n   <\/div>\n   <div class=\"col-lg-6 col-12\">\n      <span class=\"wpcf7-form-control-wrap\" data-name=\"phone\"><input size=\"40\" maxlength=\"400\" class=\"wpcf7-form-control wpcf7-tel wpcf7-text wpcf7-validates-as-tel\" aria-invalid=\"false\" placeholder=\"Telefono\" value=\"\" type=\"tel\" name=\"phone\" \/><\/span>\n   <\/div>\n<\/div>\n\n<span class=\"wpcf7-form-control-wrap\" data-name=\"message\"><textarea cols=\"40\" rows=\"10\" maxlength=\"2000\" class=\"wpcf7-form-control wpcf7-textarea wpcf7-validates-as-required\" aria-required=\"true\" aria-invalid=\"false\" placeholder=\"Messaggio\" name=\"message\"><\/textarea><\/span>\n\n<span class=\"wpcf7-form-control-wrap\" data-name=\"acceptance-privacy-policy\"><span class=\"wpcf7-form-control wpcf7-acceptance\"><span class=\"wpcf7-list-item\"><label><input type=\"checkbox\" name=\"acceptance-privacy-policy\" value=\"1\" aria-invalid=\"false\" \/><span class=\"wpcf7-list-item-label\">Si prega di accettare il trattamento dei dati personali secondo la <a href=\"\/privacy-policy\" target=\"_blank\">Privacy Policy<\/a>.<\/span><\/label><\/span><\/span><\/span>\n\n<input class=\"wpcf7-form-control wpcf7-submit has-spinner\" type=\"submit\" value=\"INVIA RICHIESTA\" \/>\n\n<input class=\"wpcf7-form-control wpcf7-hidden\" value=\"Servizi\" type=\"hidden\" name=\"referer-page-title\" \/>\n<input class=\"wpcf7-form-control wpcf7-hidden\" value=\"https:\/\/www.realestateinportocervo.com\/it\/wp-json\/wp\/v2\/pages\/2320\" type=\"hidden\" name=\"referer-page-url\" \/><div class=\"wpcf7-response-output\" aria-hidden=\"true\"><\/div>\n<\/form>\n<\/div>\n\t\t\t<\/div>\n\t   <\/div>\n\n\t\n","protected":false},"excerpt":{"rendered":"<p>SERVIZI DI LUSSO &amp; OSPITALITA&#8217; NON PLUS ULTRA Real Estate in Porto Cervo offre i seguenti servizi: CONSULENZA IMMOBILIARE PROFESSIONALE E SUPPORTO BUROCRATICO Ti assistiamo in ogni fase contrattuale e burocratica relativa alla vendita o alla locazione di un immobile. Gli immobili sono accuratamente selezionati per rispondere alle esigenze del mercato e garantire un elevato ritorno sugli investimenti. Real Estate in Porto Cervo soddisfa i pi\u00f9 elevati standard qualitativi e, da anni, offre un\u2019ampia gamma di servizi dedicati alle realt\u00e0 immobiliari di lusso strategicamente selezionate in base alle esigenze specifiche di ogni cliente. ESPERIENZA E COMPETENZA Grazie alla pluriennale esperienza nel campo dell\u2019ospitalit\u00e0 di lusso, siamo in grado di offrire soluzioni che rispecchiano al meglio le aspettative dei nostri ospiti. DAL BENVENUTO ALL&#8217;ATTENZIONE QUOTIDIANA Professionalit\u00e0 e competenza per supportare totalmente i nostri clienti prendoci cura delle loro esigenze e necessit\u00e0. Nulla \u00e8 mai lasciato al caso: dalla prenotazione garantita nei migliori ristoranti della Costa Smeralda, alla cura ed intrattenimento dei bambini, dal noleggio di supercar alla prenotazione di uno yacht di lusso. Personal shopper, chef a domicilio, autista e servizi SPA completano il nostro servizio accoglienza per rendere il soggiorno un\u2019esperienza unica costruita su misura.<\/p>\n","protected":false},"author":1,"featured_media":5339,"parent":0,"menu_order":0,"comment_status":"closed","ping_status":"closed","template":"","meta":{"_acf_changed":false,"footnotes":""},"class_list":["post-2320","page","type-page","status-publish","has-post-thumbnail","hentry"],"acf":[],"aioseo_notices":[],"_links":{"self":[{"href":"https:\/\/www.realestateinportocervo.com\/it\/wp-json\/wp\/v2\/pages\/2320","targetHints":{"allow":["GET"]}}],"collection":[{"href":"https:\/\/www.realestateinportocervo.com\/it\/wp-json\/wp\/v2\/pages"}],"about":[{"href":"https:\/\/www.realestateinportocervo.com\/it\/wp-json\/wp\/v2\/types\/page"}],"author":[{"embeddable":true,"href":"https:\/\/www.realestateinportocervo.com\/it\/wp-json\/wp\/v2\/users\/1"}],"replies":[{"embeddable":true,"href":"https:\/\/www.realestateinportocervo.com\/it\/wp-json\/wp\/v2\/comments?post=2320"}],"version-history":[{"count":28,"href":"https:\/\/www.realestateinportocervo.com\/it\/wp-json\/wp\/v2\/pages\/2320\/revisions"}],"predecessor-version":[{"id":5345,"href":"https:\/\/www.realestateinportocervo.com\/it\/wp-json\/wp\/v2\/pages\/2320\/revisions\/5345"}],"wp:featuredmedia":[{"embeddable":true,"href":"https:\/\/www.realestateinportocervo.com\/it\/wp-json\/wp\/v2\/media\/5339"}],"wp:attachment":[{"href":"https:\/\/www.realestateinportocervo.com\/it\/wp-json\/wp\/v2\/media?parent=2320"}],"curies":[{"name":"wp","href":"https:\/\/api.w.org\/{rel}","templated":true}]}}