{"id":2295,"date":"2021-07-17T22:28:14","date_gmt":"2021-07-17T20:28:14","guid":{"rendered":"https:\/\/www.realestateinportocervo.com\/riguardo-a-noi"},"modified":"2024-12-29T22:22:36","modified_gmt":"2024-12-29T21:22:36","slug":"chi-siamo","status":"publish","type":"page","link":"https:\/\/www.realestateinportocervo.com\/it\/chi-siamo","title":{"rendered":"Chi siamo"},"content":{"rendered":"\n<div class=\"wp-block-columns is-layout-flex wp-container-core-columns-is-layout-1 wp-block-columns-is-layout-flex\">\n<div class=\"wp-block-column is-layout-flow wp-block-column-is-layout-flow\">\n<figure class=\"wp-block-image size-large\"><img loading=\"lazy\" decoding=\"async\" width=\"675\" height=\"1080\" src=\"https:\/\/www.realestateinportocervo.com\/wp-content\/uploads\/\/about-us-01-675x1080.jpg\" alt=\"\" class=\"wp-image-928\" srcset=\"https:\/\/www.realestateinportocervo.com\/wp-content\/uploads\/about-us-01-675x1080.jpg 675w, https:\/\/www.realestateinportocervo.com\/wp-content\/uploads\/about-us-01-375x600.jpg 375w, https:\/\/www.realestateinportocervo.com\/wp-content\/uploads\/about-us-01-768x1229.jpg 768w, https:\/\/www.realestateinportocervo.com\/wp-content\/uploads\/about-us-01-960x1536.jpg 960w, https:\/\/www.realestateinportocervo.com\/wp-content\/uploads\/about-us-01.jpg 1000w\" sizes=\"auto, (max-width: 675px) 100vw, 675px\" \/><div class=\"cover\"><\/div><\/figure>\n<\/div>\n\n\n\n<div class=\"wp-block-column is-layout-flow wp-block-column-is-layout-flow\">\n<h2 class=\"wp-block-heading\"><div class=\"text-hidden\"><span>LUSSO<\/span><\/div><div class=\"text-hidden\"><span>ACCESSIBILE<\/span><\/div><\/h2>\n\n\n\n<h3 class=\"wp-block-heading subtitle\">VACANZE IN VILLE ESCLUSIVE<\/h3>\n\n\n\n<p><strong>italiaMe<\/strong>, fondata da Roberta Sergio, \u00e8 un&#8217;<em>agenzia di servizi di lusso legati al mercato immobiliare e all&#8217;ospitalit\u00e0<\/em>.<br>La societ\u00e0 offre principalmente servizi di intermediazione immobiliare attraverso il ramo d&#8217;azienda<strong> Real Estate in Porto Cervo.<\/strong><\/p>\n\n\n\n<p>La societ\u00e0 \u00e8 il risultato di una partnership consolidata di Agenti Immobiliari in Costa Smeralda:<strong> Roberta Sergio<\/strong> e<strong> Lorenzo Tanda<\/strong>, grazie ad una profonda e consolidata conoscenza del settore immobiliare di lusso, forniscono una consulenza professionale per gestire le trattative di compravendita e di locazione in Sardegna, a Porto Cervo ed in Costa Smeralda.<br>Il loro approccio, maturato attraverso un rapporto pluriennale e consolidato con i diversi proprietari di immobili di pregio, garantisce consulenza e supporto a livello contrattuale e burocratico a potenziali acquirenti e affittuari.<br><\/p>\n\n\n\n<figure class=\"wp-block-image size-large overlapped\"><img loading=\"lazy\" decoding=\"async\" width=\"1540\" height=\"900\" src=\"https:\/\/www.realestateinportocervo.com\/wp-content\/uploads\/about-us-02.jpg\" alt=\"\" class=\"wp-image-1821\" srcset=\"https:\/\/www.realestateinportocervo.com\/wp-content\/uploads\/about-us-02.jpg 1540w, https:\/\/www.realestateinportocervo.com\/wp-content\/uploads\/about-us-02-600x351.jpg 600w, https:\/\/www.realestateinportocervo.com\/wp-content\/uploads\/about-us-02-768x449.jpg 768w, https:\/\/www.realestateinportocervo.com\/wp-content\/uploads\/about-us-02-1536x898.jpg 1536w\" sizes=\"auto, (max-width: 1540px) 100vw, 1540px\" \/><div class=\"cover\"><\/div><\/figure>\n<\/div>\n<\/div>\n\n\n\n\t\t<div class=\"contact-form-section\" id=\"contact-form\">\n\t      <div class=\"background-image\">\n\t\t\t\t\n\t\t\t\t\t<div class=\"parallax-image\" style=\"background-image: url(https:\/\/www.realestateinportocervo.com\/wp-content\/uploads\/bkg-home-roberta-sergio.jpg);\"><\/div>\n\n\t\t\t\t\t      <\/div>\n\n\t\t\t<div class=\"contact-form\">\n\t\t\t\t\n<div class=\"wpcf7 no-js\" id=\"wpcf7-f2452-o1\" lang=\"it-IT\" dir=\"ltr\" data-wpcf7-id=\"2452\">\n<div class=\"screen-reader-response\"><p role=\"status\" aria-live=\"polite\" aria-atomic=\"true\"><\/p> <ul><\/ul><\/div>\n<form action=\"\/it\/wp-json\/wp\/v2\/pages\/2295#wpcf7-f2452-o1\" method=\"post\" class=\"wpcf7-form init\" aria-label=\"Modulo di contatto\" novalidate=\"novalidate\" data-status=\"init\">\n<div style=\"display: none;\">\n<input type=\"hidden\" name=\"_wpcf7\" value=\"2452\" \/>\n<input type=\"hidden\" name=\"_wpcf7_version\" value=\"6.0.3\" \/>\n<input type=\"hidden\" name=\"_wpcf7_locale\" value=\"it_IT\" \/>\n<input type=\"hidden\" name=\"_wpcf7_unit_tag\" value=\"wpcf7-f2452-o1\" \/>\n<input type=\"hidden\" name=\"_wpcf7_container_post\" value=\"0\" \/>\n<input type=\"hidden\" name=\"_wpcf7_posted_data_hash\" value=\"\" \/>\n<input type=\"hidden\" name=\"_wpcf7_recaptcha_response\" value=\"\" \/>\n<\/div>\n<h3 class=\"title\">CONTATTACI<\/h3>\n<p>PER MAGGIORI INFORMAZIONI<\/p>\n<p>+39 0789 96431 \/ +39 392 4000631<\/p>\n\n<div class=\"row\">\n   <div class=\"col-lg-6 col-12\">\n      <span class=\"wpcf7-form-control-wrap\" data-name=\"first-name\"><input size=\"40\" maxlength=\"400\" class=\"wpcf7-form-control wpcf7-text wpcf7-validates-as-required\" aria-required=\"true\" aria-invalid=\"false\" placeholder=\"Nome\" value=\"\" type=\"text\" name=\"first-name\" \/><\/span>\n   <\/div>\n   <div class=\"col-lg-6 col-12\">\n      <span class=\"wpcf7-form-control-wrap\" data-name=\"last-name\"><input size=\"40\" maxlength=\"400\" class=\"wpcf7-form-control wpcf7-text\" aria-invalid=\"false\" placeholder=\"Cognome\" value=\"\" type=\"text\" name=\"last-name\" \/><\/span>\n   <\/div>\n<\/div>\n<div class=\"row\">\n   <div class=\"col-lg-6 col-12\">\n      <span class=\"wpcf7-form-control-wrap\" data-name=\"email\"><input size=\"40\" maxlength=\"400\" class=\"wpcf7-form-control wpcf7-email wpcf7-validates-as-required wpcf7-text wpcf7-validates-as-email\" aria-required=\"true\" aria-invalid=\"false\" placeholder=\"Email\" value=\"\" type=\"email\" name=\"email\" \/><\/span>\n   <\/div>\n   <div class=\"col-lg-6 col-12\">\n      <span class=\"wpcf7-form-control-wrap\" data-name=\"phone\"><input size=\"40\" maxlength=\"400\" class=\"wpcf7-form-control wpcf7-tel wpcf7-text wpcf7-validates-as-tel\" aria-invalid=\"false\" placeholder=\"Telefono\" value=\"\" type=\"tel\" name=\"phone\" \/><\/span>\n   <\/div>\n<\/div>\n\n<span class=\"wpcf7-form-control-wrap\" data-name=\"message\"><textarea cols=\"40\" rows=\"10\" maxlength=\"2000\" class=\"wpcf7-form-control wpcf7-textarea wpcf7-validates-as-required\" aria-required=\"true\" aria-invalid=\"false\" placeholder=\"Messaggio\" name=\"message\"><\/textarea><\/span>\n\n<span class=\"wpcf7-form-control-wrap\" data-name=\"acceptance-privacy-policy\"><span class=\"wpcf7-form-control wpcf7-acceptance\"><span class=\"wpcf7-list-item\"><label><input type=\"checkbox\" name=\"acceptance-privacy-policy\" value=\"1\" aria-invalid=\"false\" \/><span class=\"wpcf7-list-item-label\">Si prega di accettare il trattamento dei dati personali secondo la <a href=\"\/privacy-policy\" target=\"_blank\">Privacy Policy<\/a>.<\/span><\/label><\/span><\/span><\/span>\n\n<input class=\"wpcf7-form-control wpcf7-submit has-spinner\" type=\"submit\" value=\"INVIA RICHIESTA\" \/>\n\n<input class=\"wpcf7-form-control wpcf7-hidden\" value=\"Chi siamo\" type=\"hidden\" name=\"referer-page-title\" \/>\n<input class=\"wpcf7-form-control wpcf7-hidden\" value=\"https:\/\/www.realestateinportocervo.com\/it\/wp-json\/wp\/v2\/pages\/2295\" type=\"hidden\" name=\"referer-page-url\" \/><div class=\"wpcf7-response-output\" aria-hidden=\"true\"><\/div>\n<\/form>\n<\/div>\n\t\t\t<\/div>\n\t   <\/div>\n\n\t\n","protected":false},"excerpt":{"rendered":"<p>LUSSO ACCESSIBILE VACANZE IN VILLE ESCLUSIVE italiaMe, fondata da Roberta Sergio, \u00e8 un&#8217;agenzia di servizi di lusso legati al mercato immobiliare e all&#8217;ospitalit\u00e0.La societ\u00e0 offre principalmente servizi di intermediazione immobiliare attraverso il ramo d&#8217;azienda Real Estate in Porto Cervo. La societ\u00e0 \u00e8 il risultato di una partnership consolidata di Agenti Immobiliari in Costa Smeralda: Roberta Sergio e Lorenzo Tanda, grazie ad una profonda e consolidata conoscenza del settore immobiliare di lusso, forniscono una consulenza professionale per gestire le trattative di compravendita e di locazione in Sardegna, a Porto Cervo ed in Costa Smeralda.Il loro approccio, maturato attraverso un rapporto pluriennale e consolidato con i diversi proprietari di immobili di pregio, garantisce consulenza e supporto a livello contrattuale e burocratico a potenziali acquirenti e affittuari.<\/p>\n","protected":false},"author":1,"featured_media":1790,"parent":0,"menu_order":0,"comment_status":"closed","ping_status":"closed","template":"","meta":{"_acf_changed":false,"footnotes":""},"class_list":["post-2295","page","type-page","status-publish","has-post-thumbnail","hentry"],"acf":[],"aioseo_notices":[],"_links":{"self":[{"href":"https:\/\/www.realestateinportocervo.com\/it\/wp-json\/wp\/v2\/pages\/2295","targetHints":{"allow":["GET"]}}],"collection":[{"href":"https:\/\/www.realestateinportocervo.com\/it\/wp-json\/wp\/v2\/pages"}],"about":[{"href":"https:\/\/www.realestateinportocervo.com\/it\/wp-json\/wp\/v2\/types\/page"}],"author":[{"embeddable":true,"href":"https:\/\/www.realestateinportocervo.com\/it\/wp-json\/wp\/v2\/users\/1"}],"replies":[{"embeddable":true,"href":"https:\/\/www.realestateinportocervo.com\/it\/wp-json\/wp\/v2\/comments?post=2295"}],"version-history":[{"count":3,"href":"https:\/\/www.realestateinportocervo.com\/it\/wp-json\/wp\/v2\/pages\/2295\/revisions"}],"predecessor-version":[{"id":5148,"href":"https:\/\/www.realestateinportocervo.com\/it\/wp-json\/wp\/v2\/pages\/2295\/revisions\/5148"}],"wp:featuredmedia":[{"embeddable":true,"href":"https:\/\/www.realestateinportocervo.com\/it\/wp-json\/wp\/v2\/media\/1790"}],"wp:attachment":[{"href":"https:\/\/www.realestateinportocervo.com\/it\/wp-json\/wp\/v2\/media?parent=2295"}],"curies":[{"name":"wp","href":"https:\/\/api.w.org\/{rel}","templated":true}]}}